{"id":261,"date":"2025-06-15T09:59:08","date_gmt":"2025-06-15T09:59:08","guid":{"rendered":"https:\/\/torchuck-china.com\/?page_id=261"},"modified":"2025-10-08T08:58:58","modified_gmt":"2025-10-08T08:58:58","slug":"nouvelles","status":"publish","type":"page","link":"https:\/\/torchuck-china.com\/fr\/nouvelles\/","title":{"rendered":"Actualit\u00e9s"},"content":{"rendered":"<div data-elementor-type=\"wp-page\" data-elementor-id=\"261\" class=\"elementor elementor-261\" data-elementor-post-type=\"page\">\n\t\t\t\t<div class=\"elementor-element elementor-element-86479d0 e-con-full e-flex e-con e-parent\" data-id=\"86479d0\" data-element_type=\"container\" data-e-type=\"container\">\n\t\t\t\t<div class=\"elementor-element elementor-element-ff0c87b elementor--h-position-center elementor--v-position-middle elementor-arrows-position-inside elementor-pagination-position-inside elementor-widget elementor-widget-slides\" data-id=\"ff0c87b\" data-element_type=\"widget\" data-e-type=\"widget\" data-settings=\"{&quot;navigation&quot;:&quot;both&quot;,&quot;autoplay&quot;:&quot;yes&quot;,&quot;pause_on_hover&quot;:&quot;yes&quot;,&quot;pause_on_interaction&quot;:&quot;yes&quot;,&quot;autoplay_speed&quot;:5000,&quot;infinite&quot;:&quot;yes&quot;,&quot;transition&quot;:&quot;slide&quot;,&quot;transition_speed&quot;:500}\" data-widget_type=\"slides.default\">\n\t\t\t\t<div class=\"elementor-widget-container\">\n\t\t\t\t\t\t\t\t\t<div class=\"elementor-swiper\">\n\t\t\t\t\t<div class=\"elementor-slides-wrapper elementor-main-swiper swiper\" role=\"region\" aria-roledescription=\"carousel\" aria-label=\"Diapositives\" dir=\"ltr\" data-animation=\"fadeInUp\">\n\t\t\t\t<div class=\"swiper-wrapper elementor-slides\">\n\t\t\t\t\t\t\t\t\t\t<div class=\"elementor-repeater-item-9e7c433 swiper-slide\" role=\"group\" aria-roledescription=\"slide\"><div class=\"swiper-slide-bg\" role=\"img\"><\/div><div class=\"swiper-slide-inner\" ><div class=\"swiper-slide-contents\"><div class=\"elementor-slide-heading\">Centre d'information<\/div><div class=\"elementor-slide-description\">Restez inform\u00e9 des derni\u00e8res nouvelles de Torchuck.<\/div><a href=\"https:\/\/torchuck-china.com\/fr\/contact\/\" class=\"elementor-button elementor-slide-button elementor-size-sm\">Contactez nous<\/a><\/div><\/div><\/div>\t\t\t\t<\/div>\n\t\t\t\t\t\t\t<\/div>\n\t\t\t\t<\/div>\n\t\t\t\t\t\t\t\t<\/div>\n\t\t\t\t<\/div>\n\t\t\t\t<\/div>\n\t\t<div class=\"elementor-element elementor-element-1d31c83 e-con-full e-flex e-con e-parent\" data-id=\"1d31c83\" data-element_type=\"container\" data-e-type=\"container\">\n\t\t<div class=\"elementor-element elementor-element-fb25fa0 e-flex e-con-boxed e-con e-child\" data-id=\"fb25fa0\" data-element_type=\"container\" data-e-type=\"container\">\n\t\t\t\t\t<div class=\"e-con-inner\">\n\t\t\t\t<div class=\"elementor-element elementor-element-3c7c793 elementor-grid-3 elementor-grid-tablet-2 elementor-grid-mobile-1 elementor-posts--thumbnail-top elementor-card-shadow-yes elementor-posts__hover-gradient elementor-widget elementor-widget-posts\" data-id=\"3c7c793\" data-element_type=\"widget\" data-e-type=\"widget\" data-settings=\"{&quot;pagination_type&quot;:&quot;numbers_and_prev_next&quot;,&quot;cards_columns&quot;:&quot;3&quot;,&quot;cards_columns_tablet&quot;:&quot;2&quot;,&quot;cards_columns_mobile&quot;:&quot;1&quot;,&quot;cards_row_gap&quot;:{&quot;unit&quot;:&quot;px&quot;,&quot;size&quot;:35,&quot;sizes&quot;:[]},&quot;cards_row_gap_tablet&quot;:{&quot;unit&quot;:&quot;px&quot;,&quot;size&quot;:&quot;&quot;,&quot;sizes&quot;:[]},&quot;cards_row_gap_mobile&quot;:{&quot;unit&quot;:&quot;px&quot;,&quot;size&quot;:&quot;&quot;,&quot;sizes&quot;:[]}}\" data-widget_type=\"posts.cards\">\n\t\t\t\t<div class=\"elementor-widget-container\">\n\t\t\t\t\t\t\t<div class=\"elementor-posts-container elementor-posts elementor-posts--skin-cards elementor-grid\">\n\t\t\t\t<article class=\"elementor-post elementor-grid-item post-3406 post type-post status-publish format-standard has-post-thumbnail hentry category-distributor-opportunities\">\n\t\t\t<div class=\"elementor-post__card\">\n\t\t\t\t<a class=\"elementor-post__thumbnail__link\" href=\"https:\/\/torchuck-china.com\/fr\/quelle-est-la-difference-entre-une-chargeuse-compacte-et-une-chargeuse\/\" tabindex=\"-1\" ><div class=\"elementor-post__thumbnail\"><img fetchpriority=\"high\" decoding=\"async\" width=\"2216\" height=\"983\" src=\"https:\/\/torchuck-china.com\/wp-content\/uploads\/2025\/12\/lineup-photo-of-skid-steer-compact-track-loader-compact-wheel-loader_\u7ed3\u679c.webp\" class=\"attachment-full size-full wp-image-3419\" alt=\"Chargeuse compacte, chargeuse compacte sur chenilles et chargeuse compacte sur pneus pr\u00e9sent\u00e9es c\u00f4te \u00e0 c\u00f4te pour une comparaison des dimensions et du ch\u00e2ssis.\" srcset=\"https:\/\/torchuck-china.com\/wp-content\/uploads\/2025\/12\/lineup-photo-of-skid-steer-compact-track-loader-compact-wheel-loader_\u7ed3\u679c.webp 2216w, https:\/\/torchuck-china.com\/wp-content\/uploads\/2025\/12\/lineup-photo-of-skid-steer-compact-track-loader-compact-wheel-loader_\u7ed3\u679c-300x133.webp 300w, https:\/\/torchuck-china.com\/wp-content\/uploads\/2025\/12\/lineup-photo-of-skid-steer-compact-track-loader-compact-wheel-loader_\u7ed3\u679c-1024x454.webp 1024w, https:\/\/torchuck-china.com\/wp-content\/uploads\/2025\/12\/lineup-photo-of-skid-steer-compact-track-loader-compact-wheel-loader_\u7ed3\u679c-768x341.webp 768w, https:\/\/torchuck-china.com\/wp-content\/uploads\/2025\/12\/lineup-photo-of-skid-steer-compact-track-loader-compact-wheel-loader_\u7ed3\u679c-1536x681.webp 1536w, https:\/\/torchuck-china.com\/wp-content\/uploads\/2025\/12\/lineup-photo-of-skid-steer-compact-track-loader-compact-wheel-loader_\u7ed3\u679c-2048x908.webp 2048w, https:\/\/torchuck-china.com\/wp-content\/uploads\/2025\/12\/lineup-photo-of-skid-steer-compact-track-loader-compact-wheel-loader_\u7ed3\u679c-18x8.webp 18w\" sizes=\"(max-width: 2216px) 100vw, 2216px\" \/><\/div><\/a>\n\t\t\t\t<div class=\"elementor-post__badge\">Opportunit\u00e9s pour les distributeurs<\/div>\n\t\t\t\t<div class=\"elementor-post__text\">\n\t\t\t\t<h3 class=\"elementor-post__title\">\n\t\t\t<a href=\"https:\/\/torchuck-china.com\/fr\/quelle-est-la-difference-entre-une-chargeuse-compacte-et-une-chargeuse\/\" >\n\t\t\t\tQuelle est la diff\u00e9rence entre une chargeuse compacte et une chargeuse ?\t\t\t<\/a>\n\t\t<\/h3>\n\t\t\n\t\t<a class=\"elementor-post__read-more\" href=\"https:\/\/torchuck-china.com\/fr\/quelle-est-la-difference-entre-une-chargeuse-compacte-et-une-chargeuse\/\" aria-label=\"En savoir plus sur What is the difference between a skid loader and a loader?\" tabindex=\"-1\" >\n\t\t\tLire plus \"\t\t<\/a>\n\n\t\t\t\t<\/div>\n\t\t\t\t<div class=\"elementor-post__meta-data\">\n\t\t\t\t\t<span class=\"elementor-post-date\">\n\t\t\t16 d\u00e9cembre 2025\t\t<\/span>\n\t\t\t\t<\/div>\n\t\t\t\t\t<\/div>\n\t\t<\/article>\n\t\t\t\t<article class=\"elementor-post elementor-grid-item post-3397 post type-post status-publish format-standard has-post-thumbnail hentry category-distributor-opportunities\">\n\t\t\t<div class=\"elementor-post__card\">\n\t\t\t\t<a class=\"elementor-post__thumbnail__link\" href=\"https:\/\/torchuck-china.com\/fr\/que-peut-faire-un-minicargador\/\" tabindex=\"-1\" ><div class=\"elementor-post__thumbnail\"><img decoding=\"async\" width=\"800\" height=\"800\" src=\"https:\/\/torchuck-china.com\/wp-content\/uploads\/2025\/12\/Construccion-y-demolicion.webp\" class=\"attachment-full size-full wp-image-3400\" alt=\"Construction et d\u00e9molition\" srcset=\"https:\/\/torchuck-china.com\/wp-content\/uploads\/2025\/12\/Construccion-y-demolicion.webp 800w, https:\/\/torchuck-china.com\/wp-content\/uploads\/2025\/12\/Construccion-y-demolicion-300x300.webp 300w, https:\/\/torchuck-china.com\/wp-content\/uploads\/2025\/12\/Construccion-y-demolicion-150x150.webp 150w, https:\/\/torchuck-china.com\/wp-content\/uploads\/2025\/12\/Construccion-y-demolicion-768x768.webp 768w, https:\/\/torchuck-china.com\/wp-content\/uploads\/2025\/12\/Construccion-y-demolicion-12x12.webp 12w\" sizes=\"(max-width: 800px) 100vw, 800px\" \/><\/div><\/a>\n\t\t\t\t<div class=\"elementor-post__badge\">Opportunit\u00e9s pour les distributeurs<\/div>\n\t\t\t\t<div class=\"elementor-post__text\">\n\t\t\t\t<h3 class=\"elementor-post__title\">\n\t\t\t<a href=\"https:\/\/torchuck-china.com\/fr\/que-peut-faire-un-minicargador\/\" >\n\t\t\t\tQu'est-ce qu'un mini-chargeur peut faire ? | Les applications des mini-chargeurs Torchuck expliqu\u00e9es\t\t\t<\/a>\n\t\t<\/h3>\n\t\t\n\t\t<a class=\"elementor-post__read-more\" href=\"https:\/\/torchuck-china.com\/fr\/que-peut-faire-un-minicargador\/\" aria-label=\"En savoir plus sur \u00bfQu\u00e9 puede hacer un minicargador? | Aplicaciones de minicargadores Torchuck explicadas\" tabindex=\"-1\" >\n\t\t\tLire plus \"\t\t<\/a>\n\n\t\t\t\t<\/div>\n\t\t\t\t<div class=\"elementor-post__meta-data\">\n\t\t\t\t\t<span class=\"elementor-post-date\">\n\t\t\t12 d\u00e9cembre 2025\t\t<\/span>\n\t\t\t\t<\/div>\n\t\t\t\t\t<\/div>\n\t\t<\/article>\n\t\t\t\t<article class=\"elementor-post elementor-grid-item post-3383 post type-post status-publish format-standard has-post-thumbnail hentry category-distributor-opportunities category-torchuck-news\">\n\t\t\t<div class=\"elementor-post__card\">\n\t\t\t\t<a class=\"elementor-post__thumbnail__link\" href=\"https:\/\/torchuck-china.com\/fr\/excavateur-veritable-usine-en-chine\/\" tabindex=\"-1\" ><div class=\"elementor-post__thumbnail\"><img decoding=\"async\" width=\"2560\" height=\"1920\" src=\"https:\/\/torchuck-china.com\/wp-content\/uploads\/2025\/12\/Yellow-mini-excavator-parked-in-an-indoor-factory-bay-scaled.webp\" class=\"attachment-full size-full wp-image-3385\" alt=\"Mini-pelle jaune gar\u00e9e dans un hall d&#039;usine couvert\" srcset=\"https:\/\/torchuck-china.com\/wp-content\/uploads\/2025\/12\/Yellow-mini-excavator-parked-in-an-indoor-factory-bay-scaled.webp 2560w, https:\/\/torchuck-china.com\/wp-content\/uploads\/2025\/12\/Yellow-mini-excavator-parked-in-an-indoor-factory-bay-300x225.webp 300w, https:\/\/torchuck-china.com\/wp-content\/uploads\/2025\/12\/Yellow-mini-excavator-parked-in-an-indoor-factory-bay-1024x768.webp 1024w, https:\/\/torchuck-china.com\/wp-content\/uploads\/2025\/12\/Yellow-mini-excavator-parked-in-an-indoor-factory-bay-768x576.webp 768w, https:\/\/torchuck-china.com\/wp-content\/uploads\/2025\/12\/Yellow-mini-excavator-parked-in-an-indoor-factory-bay-1536x1152.webp 1536w, https:\/\/torchuck-china.com\/wp-content\/uploads\/2025\/12\/Yellow-mini-excavator-parked-in-an-indoor-factory-bay-2048x1536.webp 2048w, https:\/\/torchuck-china.com\/wp-content\/uploads\/2025\/12\/Yellow-mini-excavator-parked-in-an-indoor-factory-bay-16x12.webp 16w\" sizes=\"(max-width: 2560px) 100vw, 2560px\" \/><\/div><\/a>\n\t\t\t\t<div class=\"elementor-post__badge\">Opportunit\u00e9s pour les distributeurs<\/div>\n\t\t\t\t<div class=\"elementor-post__text\">\n\t\t\t\t<h3 class=\"elementor-post__title\">\n\t\t\t<a href=\"https:\/\/torchuck-china.com\/fr\/excavateur-veritable-usine-en-chine\/\" >\n\t\t\t\tFabricant de pelles en Chine - Pourquoi Torchuck est un partenaire fiable\t\t\t<\/a>\n\t\t<\/h3>\n\t\t\n\t\t<a class=\"elementor-post__read-more\" href=\"https:\/\/torchuck-china.com\/fr\/excavateur-veritable-usine-en-chine\/\" aria-label=\"En savoir plus sur Excavator Manufacturer in China \u2013 Why Torchuck Is a Reliable Partner\" tabindex=\"-1\" >\n\t\t\tLire plus \"\t\t<\/a>\n\n\t\t\t\t<\/div>\n\t\t\t\t<div class=\"elementor-post__meta-data\">\n\t\t\t\t\t<span class=\"elementor-post-date\">\n\t\t\t10 d\u00e9cembre 2025\t\t<\/span>\n\t\t\t\t<\/div>\n\t\t\t\t\t<\/div>\n\t\t<\/article>\n\t\t\t\t<article class=\"elementor-post elementor-grid-item post-3381 post type-post status-publish format-standard has-post-thumbnail hentry category-torchuck-news\">\n\t\t\t<div class=\"elementor-post__card\">\n\t\t\t\t<a class=\"elementor-post__thumbnail__link\" href=\"https:\/\/torchuck-china.com\/fr\/fabricant-dexcavateurs-en-chine-torchuck-factory-for-global-dealers\/\" tabindex=\"-1\" ><div class=\"elementor-post__thumbnail\"><img loading=\"lazy\" decoding=\"async\" width=\"1000\" height=\"560\" src=\"https:\/\/torchuck-china.com\/wp-content\/uploads\/2025\/07\/\u7f51\u7ad9\u9996\u9875-\u516c\u53f8\u4ecb\u7ecd\u56fe-1000-560-.webp\" class=\"attachment-full size-full wp-image-859\" alt=\"Entreprise Torchuck\" srcset=\"https:\/\/torchuck-china.com\/wp-content\/uploads\/2025\/07\/\u7f51\u7ad9\u9996\u9875-\u516c\u53f8\u4ecb\u7ecd\u56fe-1000-560-.webp 1000w, https:\/\/torchuck-china.com\/wp-content\/uploads\/2025\/07\/\u7f51\u7ad9\u9996\u9875-\u516c\u53f8\u4ecb\u7ecd\u56fe-1000-560--300x168.webp 300w, https:\/\/torchuck-china.com\/wp-content\/uploads\/2025\/07\/\u7f51\u7ad9\u9996\u9875-\u516c\u53f8\u4ecb\u7ecd\u56fe-1000-560--768x430.webp 768w\" sizes=\"(max-width: 1000px) 100vw, 1000px\" \/><\/div><\/a>\n\t\t\t\t<div class=\"elementor-post__badge\">Nouvelles de Torchuck<\/div>\n\t\t\t\t<div class=\"elementor-post__text\">\n\t\t\t\t<h3 class=\"elementor-post__title\">\n\t\t\t<a href=\"https:\/\/torchuck-china.com\/fr\/fabricant-dexcavateurs-en-chine-torchuck-factory-for-global-dealers\/\" >\n\t\t\t\tFabricant de pelles en Chine - Pourquoi Torchuck est un partenaire fiable\t\t\t<\/a>\n\t\t<\/h3>\n\t\t\n\t\t<a class=\"elementor-post__read-more\" href=\"https:\/\/torchuck-china.com\/fr\/fabricant-dexcavateurs-en-chine-torchuck-factory-for-global-dealers\/\" aria-label=\"En savoir plus sur Excavator Manufacturer in China \u2013 Why Torchuck Is a Reliable Partner\" tabindex=\"-1\" >\n\t\t\tLire plus \"\t\t<\/a>\n\n\t\t\t\t<\/div>\n\t\t\t\t<div class=\"elementor-post__meta-data\">\n\t\t\t\t\t<span class=\"elementor-post-date\">\n\t\t\t8 d\u00e9cembre 2025\t\t<\/span>\n\t\t\t\t<\/div>\n\t\t\t\t\t<\/div>\n\t\t<\/article>\n\t\t\t\t<article class=\"elementor-post elementor-grid-item post-3367 post type-post status-publish format-standard has-post-thumbnail hentry category-torchuck-news\">\n\t\t\t<div class=\"elementor-post__card\">\n\t\t\t\t<a class=\"elementor-post__thumbnail__link\" href=\"https:\/\/torchuck-china.com\/fr\/les-concessionnaires-de-mini-pelles-sassocient-a-torchuck-pour-beneficier-dun-soutien-direct-de-lusine\/\" tabindex=\"-1\" ><div class=\"elementor-post__thumbnail\"><img loading=\"lazy\" decoding=\"async\" width=\"1920\" height=\"700\" src=\"https:\/\/torchuck-china.com\/wp-content\/uploads\/2025\/12\/Torchuck-Mini-Excavator-Dealer-Hero-Image.webp\" class=\"attachment-full size-full wp-image-3368\" alt=\"Les mini-pelles Torchuck align\u00e9es \u00e0 l&#039;ext\u00e9rieur de l&#039;usine, image de h\u00e9ros pour devenir concessionnaire de mini-pelles.\" srcset=\"https:\/\/torchuck-china.com\/wp-content\/uploads\/2025\/12\/Torchuck-Mini-Excavator-Dealer-Hero-Image.webp 1920w, https:\/\/torchuck-china.com\/wp-content\/uploads\/2025\/12\/Torchuck-Mini-Excavator-Dealer-Hero-Image-300x109.webp 300w, https:\/\/torchuck-china.com\/wp-content\/uploads\/2025\/12\/Torchuck-Mini-Excavator-Dealer-Hero-Image-1024x373.webp 1024w, https:\/\/torchuck-china.com\/wp-content\/uploads\/2025\/12\/Torchuck-Mini-Excavator-Dealer-Hero-Image-768x280.webp 768w, https:\/\/torchuck-china.com\/wp-content\/uploads\/2025\/12\/Torchuck-Mini-Excavator-Dealer-Hero-Image-1536x560.webp 1536w, https:\/\/torchuck-china.com\/wp-content\/uploads\/2025\/12\/Torchuck-Mini-Excavator-Dealer-Hero-Image-18x7.webp 18w\" sizes=\"(max-width: 1920px) 100vw, 1920px\" \/><\/div><\/a>\n\t\t\t\t<div class=\"elementor-post__badge\">Nouvelles de Torchuck<\/div>\n\t\t\t\t<div class=\"elementor-post__text\">\n\t\t\t\t<h3 class=\"elementor-post__title\">\n\t\t\t<a href=\"https:\/\/torchuck-china.com\/fr\/les-concessionnaires-de-mini-pelles-sassocient-a-torchuck-pour-beneficier-dun-soutien-direct-de-lusine\/\" >\n\t\t\t\tVous souhaitez devenir concessionnaire de mini-pelles ? Torchuck - ce fabricant chinois tr\u00e8s comp\u00e9tent - vous apportera un soutien complet !\t\t\t<\/a>\n\t\t<\/h3>\n\t\t\n\t\t<a class=\"elementor-post__read-more\" href=\"https:\/\/torchuck-china.com\/fr\/les-concessionnaires-de-mini-pelles-sassocient-a-torchuck-pour-beneficier-dun-soutien-direct-de-lusine\/\" aria-label=\"En savoir plus sur Want to become a mini excavator dealer? Torchuck \u2013 this super capable Chinese manufacturer \u2013 will give you all-round support!\" tabindex=\"-1\" >\n\t\t\tLire plus \"\t\t<\/a>\n\n\t\t\t\t<\/div>\n\t\t\t\t<div class=\"elementor-post__meta-data\">\n\t\t\t\t\t<span class=\"elementor-post-date\">\n\t\t\t4 d\u00e9cembre 2025\t\t<\/span>\n\t\t\t\t<\/div>\n\t\t\t\t\t<\/div>\n\t\t<\/article>\n\t\t\t\t<article class=\"elementor-post elementor-grid-item post-3338 post type-post status-publish format-standard has-post-thumbnail hentry category-torchuck-news\">\n\t\t\t<div class=\"elementor-post__card\">\n\t\t\t\t<a class=\"elementor-post__thumbnail__link\" href=\"https:\/\/torchuck-china.com\/fr\/27-types-de-vehicules-de-construction\/\" tabindex=\"-1\" ><div class=\"elementor-post__thumbnail\"><img loading=\"lazy\" decoding=\"async\" width=\"600\" height=\"400\" src=\"https:\/\/torchuck-china.com\/wp-content\/uploads\/2025\/12\/Backhoe-Loader.jpg\" class=\"attachment-full size-full wp-image-3365\" alt=\"Chargeuse-pelleteuse\" srcset=\"https:\/\/torchuck-china.com\/wp-content\/uploads\/2025\/12\/Backhoe-Loader.jpg 600w, https:\/\/torchuck-china.com\/wp-content\/uploads\/2025\/12\/Backhoe-Loader-300x200.jpg 300w, https:\/\/torchuck-china.com\/wp-content\/uploads\/2025\/12\/Backhoe-Loader-18x12.jpg 18w\" sizes=\"(max-width: 600px) 100vw, 600px\" \/><\/div><\/a>\n\t\t\t\t<div class=\"elementor-post__badge\">Nouvelles de Torchuck<\/div>\n\t\t\t\t<div class=\"elementor-post__text\">\n\t\t\t\t<h3 class=\"elementor-post__title\">\n\t\t\t<a href=\"https:\/\/torchuck-china.com\/fr\/27-types-de-vehicules-de-construction\/\" >\n\t\t\t\t27 types de v\u00e9hicules de chantier : Guide simple pour les d\u00e9butants\t\t\t<\/a>\n\t\t<\/h3>\n\t\t\n\t\t<a class=\"elementor-post__read-more\" href=\"https:\/\/torchuck-china.com\/fr\/27-types-de-vehicules-de-construction\/\" aria-label=\"En savoir plus sur 27 Types of Construction Vehicles: Simple Guide for Beginners\" tabindex=\"-1\" >\n\t\t\tLire plus \"\t\t<\/a>\n\n\t\t\t\t<\/div>\n\t\t\t\t<div class=\"elementor-post__meta-data\">\n\t\t\t\t\t<span class=\"elementor-post-date\">\n\t\t\t3 d\u00e9cembre 2025\t\t<\/span>\n\t\t\t\t<\/div>\n\t\t\t\t\t<\/div>\n\t\t<\/article>\n\t\t\t\t<\/div>\n\t\t\n\t\t\t\t<div class=\"e-load-more-anchor\" data-page=\"1\" data-max-page=\"3\" data-next-page=\"https:\/\/torchuck-china.com\/wp-json\/wp\/v2\/pages\/261\/page\/2\/\"><\/div>\n\t\t\t\t<nav class=\"elementor-pagination\" aria-label=\"Pagination\">\n\t\t\t<span class=\"page-numbers prev\">\" Pr\u00e9c\u00e9dent<\/span>\n<span aria-current=\"page\" class=\"page-numbers current\"><span class=\"elementor-screen-only\">Page<\/span>1<\/span>\n<a class=\"page-numbers\" href=\"https:\/\/torchuck-china.com\/wp-json\/wp\/v2\/pages\/261\/page\/2\/\"><span class=\"elementor-screen-only\">Page<\/span>2<\/a>\n<a class=\"page-numbers\" href=\"https:\/\/torchuck-china.com\/wp-json\/wp\/v2\/pages\/261\/page\/3\/\"><span class=\"elementor-screen-only\">Page<\/span>3<\/a>\n<a class=\"page-numbers next\" href=\"https:\/\/torchuck-china.com\/wp-json\/wp\/v2\/pages\/261\/page\/2\/\">Suivant \"<\/a>\t\t<\/nav>\n\t\t\t\t\t\t<\/div>\n\t\t\t\t<\/div>\n\t\t\t\t\t<\/div>\n\t\t\t\t<\/div>\n\t\t\t\t<\/div>\n\t\t\t\t<\/div>","protected":false},"excerpt":{"rendered":"<p>News CenterStay updated with the latest from Torchuck.Contact us<\/p>","protected":false},"author":1,"featured_media":0,"parent":0,"menu_order":0,"comment_status":"closed","ping_status":"closed","template":"","meta":{"site-sidebar-layout":"no-sidebar","site-content-layout":"","ast-site-content-layout":"full-width-container","site-content-style":"default","site-sidebar-style":"default","ast-global-header-display":"","ast-banner-title-visibility":"","ast-main-header-display":"","ast-hfb-above-header-display":"","ast-hfb-below-header-display":"","ast-hfb-mobile-header-display":"","site-post-title":"disabled","ast-breadcrumbs-content":"","ast-featured-img":"disabled","footer-sml-layout":"","ast-disable-related-posts":"","theme-transparent-header-meta":"","adv-header-id-meta":"","stick-header-meta":"","header-above-stick-meta":"","header-main-stick-meta":"","header-below-stick-meta":"","astra-migrate-meta-layouts":"default","ast-page-background-enabled":"default","ast-page-background-meta":{"desktop":{"background-color":"var(--ast-global-color-5)","background-image":"","background-repeat":"repeat","background-position":"center center","background-size":"auto","background-attachment":"scroll","background-type":"","background-media":"","overlay-type":"","overlay-color":"","overlay-opacity":"","overlay-gradient":""},"tablet":{"background-color":"","background-image":"","background-repeat":"repeat","background-position":"center center","background-size":"auto","background-attachment":"scroll","background-type":"","background-media":"","overlay-type":"","overlay-color":"","overlay-opacity":"","overlay-gradient":""},"mobile":{"background-color":"","background-image":"","background-repeat":"repeat","background-position":"center center","background-size":"auto","background-attachment":"scroll","background-type":"","background-media":"","overlay-type":"","overlay-color":"","overlay-opacity":"","overlay-gradient":""}},"ast-content-background-meta":{"desktop":{"background-color":"var(--ast-global-color-4)","background-image":"","background-repeat":"repeat","background-position":"center center","background-size":"auto","background-attachment":"scroll","background-type":"","background-media":"","overlay-type":"","overlay-color":"","overlay-opacity":"","overlay-gradient":""},"tablet":{"background-color":"var(--ast-global-color-4)","background-image":"","background-repeat":"repeat","background-position":"center center","background-size":"auto","background-attachment":"scroll","background-type":"","background-media":"","overlay-type":"","overlay-color":"","overlay-opacity":"","overlay-gradient":""},"mobile":{"background-color":"var(--ast-global-color-4)","background-image":"","background-repeat":"repeat","background-position":"center center","background-size":"auto","background-attachment":"scroll","background-type":"","background-media":"","overlay-type":"","overlay-color":"","overlay-opacity":"","overlay-gradient":""}},"footnotes":""},"class_list":["post-261","page","type-page","status-publish","hentry"],"_links":{"self":[{"href":"https:\/\/torchuck-china.com\/fr\/wp-json\/wp\/v2\/pages\/261","targetHints":{"allow":["GET"]}}],"collection":[{"href":"https:\/\/torchuck-china.com\/fr\/wp-json\/wp\/v2\/pages"}],"about":[{"href":"https:\/\/torchuck-china.com\/fr\/wp-json\/wp\/v2\/types\/page"}],"author":[{"embeddable":true,"href":"https:\/\/torchuck-china.com\/fr\/wp-json\/wp\/v2\/users\/1"}],"replies":[{"embeddable":true,"href":"https:\/\/torchuck-china.com\/fr\/wp-json\/wp\/v2\/comments?post=261"}],"version-history":[{"count":0,"href":"https:\/\/torchuck-china.com\/fr\/wp-json\/wp\/v2\/pages\/261\/revisions"}],"wp:attachment":[{"href":"https:\/\/torchuck-china.com\/fr\/wp-json\/wp\/v2\/media?parent=261"}],"curies":[{"name":"wp","href":"https:\/\/api.w.org\/{rel}","templated":true}]}}